{"id":1126,"date":"2026-04-09T17:51:49","date_gmt":"2026-04-09T15:51:49","guid":{"rendered":"https:\/\/haashustinx.nl\/?page_id=1126"},"modified":"2026-04-09T18:06:30","modified_gmt":"2026-04-09T16:06:30","slug":"serre","status":"publish","type":"page","link":"https:\/\/haashustinx.nl\/de\/serre\/","title":{"rendered":"Serre"},"content":{"rendered":"<div data-elementor-type=\"wp-page\" data-elementor-id=\"1126\" class=\"elementor elementor-1126\" data-elementor-post-type=\"page\">\n\t\t\t\t<div class=\"elementor-element elementor-element-3364780 e-grid e-con-boxed e-con e-parent\" data-id=\"3364780\" data-element_type=\"container\" data-e-type=\"container\" data-settings=\"{&quot;jet_parallax_layout_list&quot;:[]}\">\n\t\t\t\t\t<div class=\"e-con-inner\">\n\t\t<div class=\"elementor-element elementor-element-5913117 e-con-full e-flex e-con e-child\" data-id=\"5913117\" data-element_type=\"container\" data-e-type=\"container\" data-settings=\"{&quot;jet_parallax_layout_list&quot;:[]}\">\n\t\t\t\t<div class=\"elementor-element elementor-element-6f56654 elementor-widget elementor-widget-text-editor\" data-id=\"6f56654\" data-element_type=\"widget\" data-e-type=\"widget\" data-widget_type=\"text-editor.default\">\n\t\t\t\t<div class=\"elementor-widget-container\">\n\t\t\t\t\t\t\t\t\t<p><span data-olk-copy-source=\"MessageBody\">Unsere serre Fr\u00fchst\u00fccksbar ist der Ort, an dem Ihr Morgen beginnt<\/span><\/p>\t\t\t\t\t\t\t\t<\/div>\n\t\t\t\t<\/div>\n\t\t\t\t<div class=\"elementor-element elementor-element-568b2a4 elementor-widget elementor-widget-text-editor\" data-id=\"568b2a4\" data-element_type=\"widget\" data-e-type=\"widget\" data-widget_type=\"text-editor.default\">\n\t\t\t\t<div class=\"elementor-widget-container\">\n\t\t\t\t\t\t\t\t\t<p><span data-olk-copy-source=\"MessageBody\">Das Fr\u00fchst\u00fcck wird jeden Morgen in der lichtdurchfluteten Serre an Ihrem Tisch serviert. <\/span><\/p><p><br \/>Es erwarten Sie frische S\u00e4fte, fein ger\u00f6steter Kaffee, warmes Brot und Geb\u00e4ck sowie eine Auswahl an \u00e0 la carte-Gerichten, die auf Bestellung zubereitet werden.\u00a0<\/p>\t\t\t\t\t\t\t\t<\/div>\n\t\t\t\t<\/div>\n\t\t\t\t<\/div>\n\t\t\t\t<div class=\"elementor-element elementor-element-fea6e42 elementor-widget elementor-widget-image\" data-id=\"fea6e42\" data-element_type=\"widget\" data-e-type=\"widget\" data-widget_type=\"image.default\">\n\t\t\t\t<div class=\"elementor-widget-container\">\n\t\t\t\t\t\t\t\t\t\t\t\t\t\t\t<img fetchpriority=\"high\" decoding=\"async\" width=\"1707\" height=\"2560\" src=\"https:\/\/haashustinx.nl\/wp-content\/uploads\/2026\/04\/HaasHustinx_-_Restaurant__nieuwe_selectie__-_fotografie_-_Copyright_STUDIOVOLT-7-1.webp\" class=\"attachment-full size-full wp-image-1130\" alt=\"\" srcset=\"https:\/\/haashustinx.nl\/wp-content\/uploads\/2026\/04\/HaasHustinx_-_Restaurant__nieuwe_selectie__-_fotografie_-_Copyright_STUDIOVOLT-7-1.webp 1707w, https:\/\/haashustinx.nl\/wp-content\/uploads\/2026\/04\/HaasHustinx_-_Restaurant__nieuwe_selectie__-_fotografie_-_Copyright_STUDIOVOLT-7-1-200x300.webp 200w, https:\/\/haashustinx.nl\/wp-content\/uploads\/2026\/04\/HaasHustinx_-_Restaurant__nieuwe_selectie__-_fotografie_-_Copyright_STUDIOVOLT-7-1-683x1024.webp 683w, https:\/\/haashustinx.nl\/wp-content\/uploads\/2026\/04\/HaasHustinx_-_Restaurant__nieuwe_selectie__-_fotografie_-_Copyright_STUDIOVOLT-7-1-768x1152.webp 768w, https:\/\/haashustinx.nl\/wp-content\/uploads\/2026\/04\/HaasHustinx_-_Restaurant__nieuwe_selectie__-_fotografie_-_Copyright_STUDIOVOLT-7-1-1024x1536.webp 1024w, https:\/\/haashustinx.nl\/wp-content\/uploads\/2026\/04\/HaasHustinx_-_Restaurant__nieuwe_selectie__-_fotografie_-_Copyright_STUDIOVOLT-7-1-1366x2048.webp 1366w, https:\/\/haashustinx.nl\/wp-content\/uploads\/2026\/04\/HaasHustinx_-_Restaurant__nieuwe_selectie__-_fotografie_-_Copyright_STUDIOVOLT-7-1-8x12.webp 8w\" sizes=\"(max-width: 1707px) 100vw, 1707px\" title=\"\">\t\t\t\t\t\t\t\t\t\t\t\t\t\t\t<\/div>\n\t\t\t\t<\/div>\n\t\t\t\t<div class=\"elementor-element elementor-element-14358ee elementor-widget elementor-widget-image\" data-id=\"14358ee\" data-element_type=\"widget\" data-e-type=\"widget\" data-widget_type=\"image.default\">\n\t\t\t\t<div class=\"elementor-widget-container\">\n\t\t\t\t\t\t\t\t\t\t\t\t\t\t\t<img decoding=\"async\" width=\"1024\" height=\"1539\" src=\"https:\/\/haashustinx.nl\/wp-content\/uploads\/2026\/04\/breakfast_at_haas_hustinx.webp\" class=\"attachment-full size-full wp-image-1131\" alt=\"\" srcset=\"https:\/\/haashustinx.nl\/wp-content\/uploads\/2026\/04\/breakfast_at_haas_hustinx.webp 1024w, https:\/\/haashustinx.nl\/wp-content\/uploads\/2026\/04\/breakfast_at_haas_hustinx-200x300.webp 200w, https:\/\/haashustinx.nl\/wp-content\/uploads\/2026\/04\/breakfast_at_haas_hustinx-681x1024.webp 681w, https:\/\/haashustinx.nl\/wp-content\/uploads\/2026\/04\/breakfast_at_haas_hustinx-768x1154.webp 768w, https:\/\/haashustinx.nl\/wp-content\/uploads\/2026\/04\/breakfast_at_haas_hustinx-1022x1536.webp 1022w, https:\/\/haashustinx.nl\/wp-content\/uploads\/2026\/04\/breakfast_at_haas_hustinx-8x12.webp 8w\" sizes=\"(max-width: 1024px) 100vw, 1024px\" title=\"\">\t\t\t\t\t\t\t\t\t\t\t\t\t\t\t<\/div>\n\t\t\t\t<\/div>\n\t\t\t\t\t<\/div>\n\t\t\t\t<\/div>\n\t\t\t\t<\/div>","protected":false},"excerpt":{"rendered":"<p>Our serre breakfast bar is where your mornings start Breakfast is served each morning in the light-filled Serre, at your table. Expect fresh juice, fine roasted coffee, warm breads and pastries, and a selection of \u00e0 la carte dishes prepared to order.\u00a0<\/p>","protected":false},"author":1,"featured_media":0,"parent":0,"menu_order":0,"comment_status":"closed","ping_status":"closed","template":"","meta":{"footnotes":""},"class_list":["post-1126","page","type-page","status-publish","hentry"],"_links":{"self":[{"href":"https:\/\/haashustinx.nl\/de\/wp-json\/wp\/v2\/pages\/1126","targetHints":{"allow":["GET"]}}],"collection":[{"href":"https:\/\/haashustinx.nl\/de\/wp-json\/wp\/v2\/pages"}],"about":[{"href":"https:\/\/haashustinx.nl\/de\/wp-json\/wp\/v2\/types\/page"}],"author":[{"embeddable":true,"href":"https:\/\/haashustinx.nl\/de\/wp-json\/wp\/v2\/users\/1"}],"replies":[{"embeddable":true,"href":"https:\/\/haashustinx.nl\/de\/wp-json\/wp\/v2\/comments?post=1126"}],"version-history":[{"count":11,"href":"https:\/\/haashustinx.nl\/de\/wp-json\/wp\/v2\/pages\/1126\/revisions"}],"predecessor-version":[{"id":1154,"href":"https:\/\/haashustinx.nl\/de\/wp-json\/wp\/v2\/pages\/1126\/revisions\/1154"}],"wp:attachment":[{"href":"https:\/\/haashustinx.nl\/de\/wp-json\/wp\/v2\/media?parent=1126"}],"curies":[{"name":"wp","href":"https:\/\/api.w.org\/{rel}","templated":true}]}}