{"id":2,"date":"2022-02-16T12:34:04","date_gmt":"2022-02-16T11:34:04","guid":{"rendered":"https:\/\/elementor.043basis.nl\/?page_id=2"},"modified":"2026-04-14T19:26:09","modified_gmt":"2026-04-14T17:26:09","slug":"home","status":"publish","type":"page","link":"https:\/\/haashustinx.nl\/de\/","title":{"rendered":"Home"},"content":{"rendered":"<div data-elementor-type=\"wp-page\" data-elementor-id=\"2\" class=\"elementor elementor-2\" data-elementor-post-type=\"page\">\n\t\t\t\t<div class=\"elementor-element elementor-element-ff9d4a5 e-con-full e-flex e-con e-parent\" data-id=\"ff9d4a5\" data-element_type=\"container\" data-e-type=\"container\" data-settings=\"{&quot;jet_parallax_layout_list&quot;:[],&quot;background_background&quot;:&quot;video&quot;,&quot;background_video_link&quot;:&quot;https:\\\/\\\/vimeo.com\\\/1183105009&quot;,&quot;background_play_on_mobile&quot;:&quot;yes&quot;}\">\n\t\t<div class=\"elementor-background-video-container\">\n\t\t\t\t\t\t\t<div class=\"elementor-background-video-embed\" role=\"presentation\"><\/div>\n\t\t\t\t\t\t<\/div>\t\t<\/div>\n\t\t<div class=\"elementor-element elementor-element-3364780 e-grid e-con-boxed e-con e-parent\" data-id=\"3364780\" data-element_type=\"container\" data-e-type=\"container\" data-settings=\"{&quot;jet_parallax_layout_list&quot;:[]}\">\n\t\t\t\t\t<div class=\"e-con-inner\">\n\t\t\t\t<div class=\"elementor-element elementor-element-6f56654 elementor-widget elementor-widget-text-editor\" data-id=\"6f56654\" data-element_type=\"widget\" data-e-type=\"widget\" data-widget_type=\"text-editor.default\">\n\t\t\t\t<div class=\"elementor-widget-container\">\n\t\t\t\t\t\t\t\t\t<p>Hotel, Serre Bar und SANCTUM Spa am charmanten Vrijthof-Platz in Maastricht.<\/p>\t\t\t\t\t\t\t\t<\/div>\n\t\t\t\t<\/div>\n\t\t\t\t<div class=\"elementor-element elementor-element-e2c74a4 elementor-widget elementor-widget-text-editor\" data-id=\"e2c74a4\" data-element_type=\"widget\" data-e-type=\"widget\" data-widget_type=\"text-editor.default\">\n\t\t\t\t<div class=\"elementor-widget-container\">\n\t\t\t\t\t\t\t\t\t<p>Willkommen in den H\u00e4usern des Staunens und Wanderns, umgeben von den Wahrzeichen Sint Janskerk und Basilika St. Servatius. In der N\u00e4he erwarten Sie die historischen Stra\u00dfen, Galerien und Caf\u00e9s.<\/p>\t\t\t\t\t\t\t\t<\/div>\n\t\t\t\t<\/div>\n\t\t\t\t\t<\/div>\n\t\t\t\t<\/div>\n\t\t<div class=\"elementor-element elementor-element-4f4cbb2 e-grid e-con-boxed e-con e-parent\" data-id=\"4f4cbb2\" data-element_type=\"container\" data-e-type=\"container\" data-settings=\"{&quot;jet_parallax_layout_list&quot;:[]}\">\n\t\t\t\t\t<div class=\"e-con-inner\">\n\t\t\t\t<div class=\"elementor-element elementor-element-336a58c elementor-widget elementor-widget-image\" data-id=\"336a58c\" data-element_type=\"widget\" data-e-type=\"widget\" data-widget_type=\"image.default\">\n\t\t\t\t<div class=\"elementor-widget-container\">\n\t\t\t\t\t\t\t\t\t\t\t\t\t\t\t<img fetchpriority=\"high\" decoding=\"async\" width=\"2500\" height=\"1667\" src=\"https:\/\/haashustinx.nl\/wp-content\/uploads\/2026\/03\/01-entrance__3_.webp\" class=\"attachment-full size-full wp-image-630\" alt=\"Maison Haas Hustinx, Hotel Vrijthof Maastricht\" srcset=\"https:\/\/haashustinx.nl\/wp-content\/uploads\/2026\/03\/01-entrance__3_.webp 2500w, https:\/\/haashustinx.nl\/wp-content\/uploads\/2026\/03\/01-entrance__3_-300x200.webp 300w, https:\/\/haashustinx.nl\/wp-content\/uploads\/2026\/03\/01-entrance__3_-1024x683.webp 1024w, https:\/\/haashustinx.nl\/wp-content\/uploads\/2026\/03\/01-entrance__3_-768x512.webp 768w, https:\/\/haashustinx.nl\/wp-content\/uploads\/2026\/03\/01-entrance__3_-1536x1024.webp 1536w, https:\/\/haashustinx.nl\/wp-content\/uploads\/2026\/03\/01-entrance__3_-2048x1366.webp 2048w\" sizes=\"(max-width: 2500px) 100vw, 2500px\" title=\"\">\t\t\t\t\t\t\t\t\t\t\t\t\t\t\t<\/div>\n\t\t\t\t<\/div>\n\t\t<div class=\"elementor-element elementor-element-edb1dcb e-con-full e-flex e-con e-child\" data-id=\"edb1dcb\" data-element_type=\"container\" data-e-type=\"container\" data-settings=\"{&quot;jet_parallax_layout_list&quot;:[]}\">\n\t\t\t\t<div class=\"elementor-element elementor-element-285316b elementor-widget elementor-widget-text-editor\" data-id=\"285316b\" data-element_type=\"widget\" data-e-type=\"widget\" data-widget_type=\"text-editor.default\">\n\t\t\t\t<div class=\"elementor-widget-container\">\n\t\t\t\t\t\t\t\t\t<p>Unsere eleganten, modernistischen Zimmer und Suiten vereinen historischen Charakter mit zeitgem\u00e4\u00dfem Komfort - Ihr Zuhause in der Ferne.<\/p>\t\t\t\t\t\t\t\t<\/div>\n\t\t\t\t<\/div>\n\t\t\t\t<div class=\"elementor-element elementor-element-16fcd0c elementor-align-left elementor-widget elementor-widget-button\" data-id=\"16fcd0c\" data-element_type=\"widget\" data-e-type=\"widget\" data-widget_type=\"button.default\">\n\t\t\t\t<div class=\"elementor-widget-container\">\n\t\t\t\t\t\t\t\t\t<div class=\"elementor-button-wrapper\">\n\t\t\t\t\t<a class=\"elementor-button elementor-button-link elementor-size-sm\" href=\"https:\/\/haashustinx.nl\/de\/hotel\/\">\n\t\t\t\t\t\t<span class=\"elementor-button-content-wrapper\">\n\t\t\t\t\t\t<span class=\"elementor-button-icon\">\n\t\t\t\t<i aria-hidden=\"true\" class=\"fa-thin fa-arrow-right-from-line\"><\/i>\t\t\t<\/span>\n\t\t\t\t\t\t\t\t\t<span class=\"elementor-button-text\">Entdecken Sie<\/span>\n\t\t\t\t\t<\/span>\n\t\t\t\t\t<\/a>\n\t\t\t\t<\/div>\n\t\t\t\t\t\t\t\t<\/div>\n\t\t\t\t<\/div>\n\t\t\t\t<\/div>\n\t\t\t\t\t<\/div>\n\t\t\t\t<\/div>\n\t\t<div class=\"elementor-element elementor-element-5aa3c31 e-grid e-con-boxed e-con e-parent\" data-id=\"5aa3c31\" data-element_type=\"container\" data-e-type=\"container\" data-settings=\"{&quot;jet_parallax_layout_list&quot;:[]}\">\n\t\t\t\t\t<div class=\"e-con-inner\">\n\t\t<div class=\"elementor-element elementor-element-1688774 e-con-full e-flex e-con e-child\" data-id=\"1688774\" data-element_type=\"container\" data-e-type=\"container\" data-settings=\"{&quot;jet_parallax_layout_list&quot;:[]}\">\n\t\t\t\t<div class=\"elementor-element elementor-element-4f3413e elementor-widget elementor-widget-text-editor\" data-id=\"4f3413e\" data-element_type=\"widget\" data-e-type=\"widget\" data-widget_type=\"text-editor.default\">\n\t\t\t\t<div class=\"elementor-widget-container\">\n\t\t\t\t\t\t\t\t\t<p>SANCTUM SPA bietet einen Pool, ein Hammam und eine Sauna sowie Behandlungen, die von unserem engagierten Therapeutenteam durchgef\u00fchrt werden.<\/p>\t\t\t\t\t\t\t\t<\/div>\n\t\t\t\t<\/div>\n\t\t\t\t<div class=\"elementor-element elementor-element-a3283cf elementor-align-left elementor-widget elementor-widget-button\" data-id=\"a3283cf\" data-element_type=\"widget\" data-e-type=\"widget\" data-widget_type=\"button.default\">\n\t\t\t\t<div class=\"elementor-widget-container\">\n\t\t\t\t\t\t\t\t\t<div class=\"elementor-button-wrapper\">\n\t\t\t\t\t<a class=\"elementor-button elementor-button-link elementor-size-sm\" href=\"https:\/\/haashustinx.nl\/de\/heilbad\/\">\n\t\t\t\t\t\t<span class=\"elementor-button-content-wrapper\">\n\t\t\t\t\t\t<span class=\"elementor-button-icon\">\n\t\t\t\t<i aria-hidden=\"true\" class=\"fa-thin fa-arrow-right-from-line\"><\/i>\t\t\t<\/span>\n\t\t\t\t\t\t\t\t\t<span class=\"elementor-button-text\">Entspannen Sie sich<\/span>\n\t\t\t\t\t<\/span>\n\t\t\t\t\t<\/a>\n\t\t\t\t<\/div>\n\t\t\t\t\t\t\t\t<\/div>\n\t\t\t\t<\/div>\n\t\t\t\t<\/div>\n\t\t\t\t<div class=\"elementor-element elementor-element-dc8a527 elementor-widget elementor-widget-image\" data-id=\"dc8a527\" data-element_type=\"widget\" data-e-type=\"widget\" data-widget_type=\"image.default\">\n\t\t\t\t<div class=\"elementor-widget-container\">\n\t\t\t\t\t\t\t\t\t\t\t\t\t\t\t<img decoding=\"async\" width=\"2121\" height=\"1414\" src=\"https:\/\/haashustinx.nl\/wp-content\/uploads\/2026\/03\/spa.webp\" class=\"attachment-full size-full wp-image-405\" alt=\"Maison Haas Hustinx, Hotel Vrijthof Maastricht\" srcset=\"https:\/\/haashustinx.nl\/wp-content\/uploads\/2026\/03\/spa.webp 2121w, https:\/\/haashustinx.nl\/wp-content\/uploads\/2026\/03\/spa-300x200.webp 300w, https:\/\/haashustinx.nl\/wp-content\/uploads\/2026\/03\/spa-1024x683.webp 1024w, https:\/\/haashustinx.nl\/wp-content\/uploads\/2026\/03\/spa-768x512.webp 768w, https:\/\/haashustinx.nl\/wp-content\/uploads\/2026\/03\/spa-1536x1024.webp 1536w, https:\/\/haashustinx.nl\/wp-content\/uploads\/2026\/03\/spa-2048x1365.webp 2048w\" sizes=\"(max-width: 2121px) 100vw, 2121px\" title=\"\">\t\t\t\t\t\t\t\t\t\t\t\t\t\t\t<\/div>\n\t\t\t\t<\/div>\n\t\t\t\t\t<\/div>\n\t\t\t\t<\/div>\n\t\t<div class=\"elementor-element elementor-element-57b5240 e-grid e-con-boxed e-con e-parent\" data-id=\"57b5240\" data-element_type=\"container\" data-e-type=\"container\" data-settings=\"{&quot;jet_parallax_layout_list&quot;:[]}\">\n\t\t\t\t\t<div class=\"e-con-inner\">\n\t\t<div class=\"elementor-element elementor-element-b417375 e-con-full e-flex e-con e-child\" data-id=\"b417375\" data-element_type=\"container\" data-e-type=\"container\" data-settings=\"{&quot;jet_parallax_layout_list&quot;:[]}\">\n\t\t\t\t<div class=\"elementor-element elementor-element-3aa254c elementor-widget elementor-widget-text-editor\" data-id=\"3aa254c\" data-element_type=\"widget\" data-e-type=\"widget\" data-widget_type=\"text-editor.default\">\n\t\t\t\t<div class=\"elementor-widget-container\">\n\t\t\t\t\t\t\t\t\t<p>Folgen Sie uns<\/p>\t\t\t\t\t\t\t\t<\/div>\n\t\t\t\t<\/div>\n\t\t\t\t<\/div>\n\t\t\t\t<div class=\"elementor-element elementor-element-03a5d97 elementor-widget elementor-widget-image\" data-id=\"03a5d97\" data-element_type=\"widget\" data-e-type=\"widget\" data-widget_type=\"image.default\">\n\t\t\t\t<div class=\"elementor-widget-container\">\n\t\t\t\t\t\t\t\t\t\t\t\t\t\t\t\t<a href=\"https:\/\/www.instagram.com\/haashustinx\/\" target=\"_blank\" rel=\"noopener\">\n\t\t\t\t\t\t\t<img decoding=\"async\" width=\"1440\" height=\"1800\" src=\"https:\/\/haashustinx.nl\/wp-content\/uploads\/2026\/04\/657922505_18572460466039326_3617019240807032035_n.webp\" class=\"attachment-full size-full wp-image-1056\" alt=\"\" srcset=\"https:\/\/haashustinx.nl\/wp-content\/uploads\/2026\/04\/657922505_18572460466039326_3617019240807032035_n.webp 1440w, https:\/\/haashustinx.nl\/wp-content\/uploads\/2026\/04\/657922505_18572460466039326_3617019240807032035_n-240x300.webp 240w, https:\/\/haashustinx.nl\/wp-content\/uploads\/2026\/04\/657922505_18572460466039326_3617019240807032035_n-819x1024.webp 819w, https:\/\/haashustinx.nl\/wp-content\/uploads\/2026\/04\/657922505_18572460466039326_3617019240807032035_n-768x960.webp 768w, https:\/\/haashustinx.nl\/wp-content\/uploads\/2026\/04\/657922505_18572460466039326_3617019240807032035_n-1229x1536.webp 1229w, https:\/\/haashustinx.nl\/wp-content\/uploads\/2026\/04\/657922505_18572460466039326_3617019240807032035_n-10x12.webp 10w\" sizes=\"(max-width: 1440px) 100vw, 1440px\" title=\"\">\t\t\t\t\t\t\t\t<\/a>\n\t\t\t\t\t\t\t\t\t\t\t\t\t\t\t<\/div>\n\t\t\t\t<\/div>\n\t\t\t\t<div class=\"elementor-element elementor-element-3679f97 elementor-widget elementor-widget-image\" data-id=\"3679f97\" data-element_type=\"widget\" data-e-type=\"widget\" data-widget_type=\"image.default\">\n\t\t\t\t<div class=\"elementor-widget-container\">\n\t\t\t\t\t\t\t\t\t\t\t\t\t\t\t\t<a href=\"https:\/\/www.instagram.com\/haashustinx\/\" target=\"_blank\" rel=\"noopener\">\n\t\t\t\t\t\t\t<img loading=\"lazy\" decoding=\"async\" width=\"1440\" height=\"1800\" src=\"https:\/\/haashustinx.nl\/wp-content\/uploads\/2026\/04\/659080329_18572333380039326_8841716616728680393_n.webp\" class=\"attachment-full size-full wp-image-1058\" alt=\"\" srcset=\"https:\/\/haashustinx.nl\/wp-content\/uploads\/2026\/04\/659080329_18572333380039326_8841716616728680393_n.webp 1440w, https:\/\/haashustinx.nl\/wp-content\/uploads\/2026\/04\/659080329_18572333380039326_8841716616728680393_n-240x300.webp 240w, https:\/\/haashustinx.nl\/wp-content\/uploads\/2026\/04\/659080329_18572333380039326_8841716616728680393_n-819x1024.webp 819w, https:\/\/haashustinx.nl\/wp-content\/uploads\/2026\/04\/659080329_18572333380039326_8841716616728680393_n-768x960.webp 768w, https:\/\/haashustinx.nl\/wp-content\/uploads\/2026\/04\/659080329_18572333380039326_8841716616728680393_n-1229x1536.webp 1229w, https:\/\/haashustinx.nl\/wp-content\/uploads\/2026\/04\/659080329_18572333380039326_8841716616728680393_n-10x12.webp 10w\" sizes=\"(max-width: 1440px) 100vw, 1440px\" title=\"\">\t\t\t\t\t\t\t\t<\/a>\n\t\t\t\t\t\t\t\t\t\t\t\t\t\t\t<\/div>\n\t\t\t\t<\/div>\n\t\t\t\t<div class=\"elementor-element elementor-element-7dd00d0 elementor-widget elementor-widget-image\" data-id=\"7dd00d0\" data-element_type=\"widget\" data-e-type=\"widget\" data-widget_type=\"image.default\">\n\t\t\t\t<div class=\"elementor-widget-container\">\n\t\t\t\t\t\t\t\t\t\t\t\t\t\t\t\t<a href=\"https:\/\/www.instagram.com\/haashustinx\/\" target=\"_blank\" rel=\"noopener\">\n\t\t\t\t\t\t\t<img loading=\"lazy\" decoding=\"async\" width=\"1440\" height=\"1800\" src=\"https:\/\/haashustinx.nl\/wp-content\/uploads\/2026\/04\/656572285_18570671467039326_6646859932846710682_n-e1775280463242.webp\" class=\"attachment-full size-full wp-image-1059\" alt=\"\" srcset=\"https:\/\/haashustinx.nl\/wp-content\/uploads\/2026\/04\/656572285_18570671467039326_6646859932846710682_n-e1775280463242.webp 1440w, https:\/\/haashustinx.nl\/wp-content\/uploads\/2026\/04\/656572285_18570671467039326_6646859932846710682_n-e1775280463242-240x300.webp 240w, https:\/\/haashustinx.nl\/wp-content\/uploads\/2026\/04\/656572285_18570671467039326_6646859932846710682_n-e1775280463242-819x1024.webp 819w, https:\/\/haashustinx.nl\/wp-content\/uploads\/2026\/04\/656572285_18570671467039326_6646859932846710682_n-e1775280463242-768x960.webp 768w, https:\/\/haashustinx.nl\/wp-content\/uploads\/2026\/04\/656572285_18570671467039326_6646859932846710682_n-e1775280463242-1229x1536.webp 1229w, https:\/\/haashustinx.nl\/wp-content\/uploads\/2026\/04\/656572285_18570671467039326_6646859932846710682_n-e1775280463242-10x12.webp 10w\" sizes=\"(max-width: 1440px) 100vw, 1440px\" title=\"\">\t\t\t\t\t\t\t\t<\/a>\n\t\t\t\t\t\t\t\t\t\t\t\t\t\t\t<\/div>\n\t\t\t\t<\/div>\n\t\t\t\t<div class=\"elementor-element elementor-element-4e7f9a4 elementor-widget elementor-widget-image\" data-id=\"4e7f9a4\" data-element_type=\"widget\" data-e-type=\"widget\" data-widget_type=\"image.default\">\n\t\t\t\t<div class=\"elementor-widget-container\">\n\t\t\t\t\t\t\t\t\t\t\t\t\t\t\t\t<a href=\"https:\/\/www.instagram.com\/haashustinx\/\" target=\"_blank\" rel=\"noopener\">\n\t\t\t\t\t\t\t<img loading=\"lazy\" decoding=\"async\" width=\"1440\" height=\"1800\" src=\"https:\/\/haashustinx.nl\/wp-content\/uploads\/2026\/04\/656283071_18570234718039326_8377735274450003535_n.webp\" class=\"attachment-full size-full wp-image-1057\" alt=\"\" srcset=\"https:\/\/haashustinx.nl\/wp-content\/uploads\/2026\/04\/656283071_18570234718039326_8377735274450003535_n.webp 1440w, https:\/\/haashustinx.nl\/wp-content\/uploads\/2026\/04\/656283071_18570234718039326_8377735274450003535_n-240x300.webp 240w, https:\/\/haashustinx.nl\/wp-content\/uploads\/2026\/04\/656283071_18570234718039326_8377735274450003535_n-819x1024.webp 819w, https:\/\/haashustinx.nl\/wp-content\/uploads\/2026\/04\/656283071_18570234718039326_8377735274450003535_n-768x960.webp 768w, https:\/\/haashustinx.nl\/wp-content\/uploads\/2026\/04\/656283071_18570234718039326_8377735274450003535_n-1229x1536.webp 1229w, https:\/\/haashustinx.nl\/wp-content\/uploads\/2026\/04\/656283071_18570234718039326_8377735274450003535_n-10x12.webp 10w\" sizes=\"(max-width: 1440px) 100vw, 1440px\" title=\"\">\t\t\t\t\t\t\t\t<\/a>\n\t\t\t\t\t\t\t\t\t\t\t\t\t\t\t<\/div>\n\t\t\t\t<\/div>\n\t\t\t\t<div class=\"elementor-element elementor-element-eabfe7d elementor-widget elementor-widget-image\" data-id=\"eabfe7d\" data-element_type=\"widget\" data-e-type=\"widget\" data-widget_type=\"image.default\">\n\t\t\t\t<div class=\"elementor-widget-container\">\n\t\t\t\t\t\t\t\t\t\t\t\t\t\t\t\t<a href=\"https:\/\/www.instagram.com\/haashustinx\/\" target=\"_blank\" rel=\"noopener\">\n\t\t\t\t\t\t\t<img loading=\"lazy\" decoding=\"async\" width=\"1440\" height=\"1800\" src=\"https:\/\/haashustinx.nl\/wp-content\/uploads\/2026\/03\/654157520_18568518508039326_5479844285146600379_n.webp\" class=\"attachment-full size-full wp-image-766\" alt=\"Maison Haas Hustinx, Hotel Vrijthof Maastricht\" srcset=\"https:\/\/haashustinx.nl\/wp-content\/uploads\/2026\/03\/654157520_18568518508039326_5479844285146600379_n.webp 1440w, https:\/\/haashustinx.nl\/wp-content\/uploads\/2026\/03\/654157520_18568518508039326_5479844285146600379_n-240x300.webp 240w, https:\/\/haashustinx.nl\/wp-content\/uploads\/2026\/03\/654157520_18568518508039326_5479844285146600379_n-819x1024.webp 819w, https:\/\/haashustinx.nl\/wp-content\/uploads\/2026\/03\/654157520_18568518508039326_5479844285146600379_n-768x960.webp 768w, https:\/\/haashustinx.nl\/wp-content\/uploads\/2026\/03\/654157520_18568518508039326_5479844285146600379_n-1229x1536.webp 1229w, https:\/\/haashustinx.nl\/wp-content\/uploads\/2026\/03\/654157520_18568518508039326_5479844285146600379_n-10x12.webp 10w\" sizes=\"(max-width: 1440px) 100vw, 1440px\" title=\"\">\t\t\t\t\t\t\t\t<\/a>\n\t\t\t\t\t\t\t\t\t\t\t\t\t\t\t<\/div>\n\t\t\t\t<\/div>\n\t\t\t\t\t<\/div>\n\t\t\t\t<\/div>\n\t\t\t\t<\/div>","protected":false},"excerpt":{"rendered":"<p>Hotel, Serre bar and SANCTUM spa located on the charming Vrijthof square in Maastricht. Welcome to the houses of wonder and wander, surrounded by the landmark churches of Sint Janskerk and Basilica of Saint Servatius. Nearby, the historic streets, galleries and caf\u00e9s await. Our elegant modernist rooms and suites balance heritage character with contemporary comfort, [&hellip;]<\/p>\n","protected":false},"author":1,"featured_media":0,"parent":0,"menu_order":0,"comment_status":"closed","ping_status":"closed","template":"","meta":{"footnotes":""},"class_list":["post-2","page","type-page","status-publish","hentry"],"_links":{"self":[{"href":"https:\/\/haashustinx.nl\/de\/wp-json\/wp\/v2\/pages\/2","targetHints":{"allow":["GET"]}}],"collection":[{"href":"https:\/\/haashustinx.nl\/de\/wp-json\/wp\/v2\/pages"}],"about":[{"href":"https:\/\/haashustinx.nl\/de\/wp-json\/wp\/v2\/types\/page"}],"author":[{"embeddable":true,"href":"https:\/\/haashustinx.nl\/de\/wp-json\/wp\/v2\/users\/1"}],"replies":[{"embeddable":true,"href":"https:\/\/haashustinx.nl\/de\/wp-json\/wp\/v2\/comments?post=2"}],"version-history":[{"count":200,"href":"https:\/\/haashustinx.nl\/de\/wp-json\/wp\/v2\/pages\/2\/revisions"}],"predecessor-version":[{"id":1160,"href":"https:\/\/haashustinx.nl\/de\/wp-json\/wp\/v2\/pages\/2\/revisions\/1160"}],"wp:attachment":[{"href":"https:\/\/haashustinx.nl\/de\/wp-json\/wp\/v2\/media?parent=2"}],"curies":[{"name":"wp","href":"https:\/\/api.w.org\/{rel}","templated":true}]}}