{"id":641,"date":"2026-03-19T15:27:39","date_gmt":"2026-03-19T14:27:39","guid":{"rendered":"https:\/\/hustinx.043test.nl\/?page_id=641"},"modified":"2026-04-07T20:25:16","modified_gmt":"2026-04-07T18:25:16","slug":"heilbad","status":"publish","type":"page","link":"https:\/\/haashustinx.nl\/de\/spa\/","title":{"rendered":"Spa"},"content":{"rendered":"<div data-elementor-type=\"wp-page\" data-elementor-id=\"641\" class=\"elementor elementor-641\" data-elementor-post-type=\"page\">\n\t\t\t\t<div class=\"elementor-element elementor-element-3364780 e-grid e-con-boxed e-con e-parent\" data-id=\"3364780\" data-element_type=\"container\" data-e-type=\"container\" data-settings=\"{&quot;jet_parallax_layout_list&quot;:[]}\">\n\t\t\t\t\t<div class=\"e-con-inner\">\n\t\t<div class=\"elementor-element elementor-element-c26fab2 e-con-full e-flex e-con e-child\" data-id=\"c26fab2\" data-element_type=\"container\" data-e-type=\"container\" data-settings=\"{&quot;jet_parallax_layout_list&quot;:[]}\">\n\t\t\t\t<div class=\"elementor-element elementor-element-fea6e42 elementor-widget elementor-widget-image\" data-id=\"fea6e42\" data-element_type=\"widget\" data-e-type=\"widget\" data-widget_type=\"image.default\">\n\t\t\t\t<div class=\"elementor-widget-container\">\n\t\t\t\t\t\t\t\t\t\t\t\t\t\t\t<img fetchpriority=\"high\" decoding=\"async\" width=\"2121\" height=\"1414\" src=\"https:\/\/haashustinx.nl\/wp-content\/uploads\/2026\/03\/spa.webp\" class=\"attachment-full size-full wp-image-405\" alt=\"Maison Haas Hustinx, Hotel Vrijthof Maastricht\" srcset=\"https:\/\/haashustinx.nl\/wp-content\/uploads\/2026\/03\/spa.webp 2121w, https:\/\/haashustinx.nl\/wp-content\/uploads\/2026\/03\/spa-300x200.webp 300w, https:\/\/haashustinx.nl\/wp-content\/uploads\/2026\/03\/spa-1024x683.webp 1024w, https:\/\/haashustinx.nl\/wp-content\/uploads\/2026\/03\/spa-768x512.webp 768w, https:\/\/haashustinx.nl\/wp-content\/uploads\/2026\/03\/spa-1536x1024.webp 1536w, https:\/\/haashustinx.nl\/wp-content\/uploads\/2026\/03\/spa-2048x1365.webp 2048w\" sizes=\"(max-width: 2121px) 100vw, 2121px\" title=\"\">\t\t\t\t\t\t\t\t\t\t\t\t\t\t\t<\/div>\n\t\t\t\t<\/div>\n\t\t\t\t<div class=\"elementor-element elementor-element-36a85a4 elementor-widget elementor-widget-image\" data-id=\"36a85a4\" data-element_type=\"widget\" data-e-type=\"widget\" data-widget_type=\"image.default\">\n\t\t\t\t<div class=\"elementor-widget-container\">\n\t\t\t\t\t\t\t\t\t\t\t\t\t\t\t\t<a href=\"https:\/\/sanctumspa.nl\/\" target=\"_blank\" rel=\"noopener\">\n\t\t\t\t\t\t\t<img decoding=\"async\" width=\"800\" height=\"857\" src=\"https:\/\/haashustinx.nl\/wp-content\/uploads\/2026\/04\/fresha-highly-recommended-956x1024.png\" class=\"attachment-large size-large wp-image-1063\" alt=\"\" srcset=\"https:\/\/haashustinx.nl\/wp-content\/uploads\/2026\/04\/fresha-highly-recommended-956x1024.png 956w, https:\/\/haashustinx.nl\/wp-content\/uploads\/2026\/04\/fresha-highly-recommended-280x300.png 280w, https:\/\/haashustinx.nl\/wp-content\/uploads\/2026\/04\/fresha-highly-recommended-768x823.png 768w, https:\/\/haashustinx.nl\/wp-content\/uploads\/2026\/04\/fresha-highly-recommended-11x12.png 11w, https:\/\/haashustinx.nl\/wp-content\/uploads\/2026\/04\/fresha-highly-recommended.png 1195w\" sizes=\"(max-width: 800px) 100vw, 800px\" title=\"\">\t\t\t\t\t\t\t\t<\/a>\n\t\t\t\t\t\t\t\t\t\t\t\t\t\t\t<\/div>\n\t\t\t\t<\/div>\n\t\t\t\t<\/div>\n\t\t<div class=\"elementor-element elementor-element-bd8c9ed e-con-full e-flex e-con e-child\" data-id=\"bd8c9ed\" data-element_type=\"container\" data-e-type=\"container\" data-settings=\"{&quot;jet_parallax_layout_list&quot;:[]}\">\n\t\t\t\t<div class=\"elementor-element elementor-element-6f56654 elementor-widget elementor-widget-text-editor\" data-id=\"6f56654\" data-element_type=\"widget\" data-e-type=\"widget\" data-widget_type=\"text-editor.default\">\n\t\t\t\t<div class=\"elementor-widget-container\">\n\t\t\t\t\t\t\t\t\t<p>SANCTUM SPA<\/p>\t\t\t\t\t\t\t\t<\/div>\n\t\t\t\t<\/div>\n\t\t\t\t<div class=\"elementor-element elementor-element-73e4b15 elementor-widget elementor-widget-text-editor\" data-id=\"73e4b15\" data-element_type=\"widget\" data-e-type=\"widget\" data-widget_type=\"text-editor.default\">\n\t\t\t\t<div class=\"elementor-widget-container\">\n\t\t\t\t\t\t\t\t\t<p>Eine ruhige Kapelle auf dem Vrijthof. Sanctum Spa verf\u00fcgt \u00fcber ein Schwimmbad, eine Sauna, einen Hammam und eine Nische f\u00fcr Meditation, Beichte oder Gebet. Es ist ein Ort, an dem Sie Ihre eigene Reise zum spirituellen Wohlbefinden beginnen k\u00f6nnen.<\/p><p><br \/>Genie\u00dfen Sie ein wohltuendes Erlebnis in einem Behandlungsraum mit aromatherapeutischen Massagen und hautverj\u00fcngenden Gesichtsbehandlungen. Um ein ruhiges und exklusives Erlebnis zu gew\u00e4hrleisten, ist der Zugang zum Spa auf maximal sechs G\u00e4ste gleichzeitig beschr\u00e4nkt.<\/p>\t\t\t\t\t\t\t\t<\/div>\n\t\t\t\t<\/div>\n\t\t\t\t<div class=\"elementor-element elementor-element-ba961de elementor-icon-list--layout-traditional elementor-list-item-link-full_width elementor-widget elementor-widget-icon-list\" data-id=\"ba961de\" data-element_type=\"widget\" data-e-type=\"widget\" data-widget_type=\"icon-list.default\">\n\t\t\t\t<div class=\"elementor-widget-container\">\n\t\t\t\t\t\t\t<ul class=\"elementor-icon-list-items\">\n\t\t\t\t\t\t\t<li class=\"elementor-icon-list-item\">\n\t\t\t\t\t\t\t\t\t\t\t<a href=\"https:\/\/sanctumspa.nl\/\" target=\"_blank\" rel=\"noopener\">\n\n\t\t\t\t\t\t\t\t\t\t\t\t<span class=\"elementor-icon-list-icon\">\n\t\t\t\t\t\t\t<i aria-hidden=\"true\" class=\"fa-thin fa-person-swimming\"><\/i>\t\t\t\t\t\t<\/span>\n\t\t\t\t\t\t\t\t\t\t<span class=\"elementor-icon-list-text\">Hallenschwimmbad<\/span>\n\t\t\t\t\t\t\t\t\t\t\t<\/a>\n\t\t\t\t\t\t\t\t\t<\/li>\n\t\t\t\t\t\t\t\t<li class=\"elementor-icon-list-item\">\n\t\t\t\t\t\t\t\t\t\t\t<a href=\"https:\/\/sanctumspa.nl\/\" target=\"_blank\" rel=\"noopener\">\n\n\t\t\t\t\t\t\t\t\t\t\t\t<span class=\"elementor-icon-list-icon\">\n\t\t\t\t\t\t\t<i aria-hidden=\"true\" class=\"fa-thin fa-spa\"><\/i>\t\t\t\t\t\t<\/span>\n\t\t\t\t\t\t\t\t\t\t<span class=\"elementor-icon-list-text\">Kur- und Wellnesszentrum<\/span>\n\t\t\t\t\t\t\t\t\t\t\t<\/a>\n\t\t\t\t\t\t\t\t\t<\/li>\n\t\t\t\t\t\t\t\t<li class=\"elementor-icon-list-item\">\n\t\t\t\t\t\t\t\t\t\t\t<span class=\"elementor-icon-list-icon\">\n\t\t\t\t\t\t\t<i aria-hidden=\"true\" class=\"fa-thin fa-wheat-awn\"><\/i>\t\t\t\t\t\t<\/span>\n\t\t\t\t\t\t\t\t\t\t<span class=\"elementor-icon-list-text\">Sauna<\/span>\n\t\t\t\t\t\t\t\t\t<\/li>\n\t\t\t\t\t\t\t\t<li class=\"elementor-icon-list-item\">\n\t\t\t\t\t\t\t\t\t\t\t<span class=\"elementor-icon-list-icon\">\n\t\t\t\t\t\t\t<i aria-hidden=\"true\" class=\"fa-thin fa-hand-holding-droplet\"><\/i>\t\t\t\t\t\t<\/span>\n\t\t\t\t\t\t\t\t\t\t<span class=\"elementor-icon-list-text\">Dampfbad<\/span>\n\t\t\t\t\t\t\t\t\t<\/li>\n\t\t\t\t\t\t\t\t<li class=\"elementor-icon-list-item\">\n\t\t\t\t\t\t\t\t\t\t\t<span class=\"elementor-icon-list-icon\">\n\t\t\t\t\t\t\t<i aria-hidden=\"true\" class=\"fa-thin fa-shower-down\"><\/i>\t\t\t\t\t\t<\/span>\n\t\t\t\t\t\t\t\t\t\t<span class=\"elementor-icon-list-text\">Regenschauer<\/span>\n\t\t\t\t\t\t\t\t\t<\/li>\n\t\t\t\t\t\t\t\t<li class=\"elementor-icon-list-item\">\n\t\t\t\t\t\t\t\t\t\t\t<span class=\"elementor-icon-list-icon\">\n\t\t\t\t\t\t\t<i aria-hidden=\"true\" class=\"fa-thin fa-hands-praying\"><\/i>\t\t\t\t\t\t<\/span>\n\t\t\t\t\t\t\t\t\t\t<span class=\"elementor-icon-list-text\">Massagen<\/span>\n\t\t\t\t\t\t\t\t\t<\/li>\n\t\t\t\t\t\t\t\t<li class=\"elementor-icon-list-item\">\n\t\t\t\t\t\t\t\t\t\t\t<span class=\"elementor-icon-list-icon\">\n\t\t\t\t\t\t\t<i aria-hidden=\"true\" class=\"fa-thin fa-sparkles\"><\/i>\t\t\t\t\t\t<\/span>\n\t\t\t\t\t\t\t\t\t\t<span class=\"elementor-icon-list-text\">Luxusbehandlungen<\/span>\n\t\t\t\t\t\t\t\t\t<\/li>\n\t\t\t\t\t\t\t\t<li class=\"elementor-icon-list-item\">\n\t\t\t\t\t\t\t\t\t\t\t<span class=\"elementor-icon-list-icon\">\n\t\t\t\t\t\t\t<i aria-hidden=\"true\" class=\"fa-thin fa-people-roof\"><\/i>\t\t\t\t\t\t<\/span>\n\t\t\t\t\t\t\t\t\t\t<span class=\"elementor-icon-list-text\">maximal sechs G\u00e4ste<\/span>\n\t\t\t\t\t\t\t\t\t<\/li>\n\t\t\t\t\t\t<\/ul>\n\t\t\t\t\t\t<\/div>\n\t\t\t\t<\/div>\n\t\t\t\t<div class=\"elementor-element elementor-element-a3aab64 elementor-align-left elementor-hidden-desktop elementor-hidden-tablet elementor-widget elementor-widget-button\" data-id=\"a3aab64\" data-element_type=\"widget\" data-e-type=\"widget\" data-widget_type=\"button.default\">\n\t\t\t\t<div class=\"elementor-widget-container\">\n\t\t\t\t\t\t\t\t\t<div class=\"elementor-button-wrapper\">\n\t\t\t\t\t<a class=\"elementor-button elementor-button-link elementor-size-sm\" href=\"https:\/\/sanctumspa.nl\/\" target=\"_blank\" rel=\"noopener\">\n\t\t\t\t\t\t<span class=\"elementor-button-content-wrapper\">\n\t\t\t\t\t\t\t\t\t<span class=\"elementor-button-text\">BOOK SPA<\/span>\n\t\t\t\t\t<\/span>\n\t\t\t\t\t<\/a>\n\t\t\t\t<\/div>\n\t\t\t\t\t\t\t\t<\/div>\n\t\t\t\t<\/div>\n\t\t\t\t<\/div>\n\t\t\t\t\t<\/div>\n\t\t\t\t<\/div>\n\t\t<div class=\"elementor-element elementor-element-4f4cbb2 e-grid e-con-boxed e-con e-parent\" data-id=\"4f4cbb2\" data-element_type=\"container\" data-e-type=\"container\" data-settings=\"{&quot;jet_parallax_layout_list&quot;:[]}\">\n\t\t\t\t\t<div class=\"e-con-inner\">\n\t\t<div class=\"elementor-element elementor-element-edb1dcb e-con-full e-flex e-con e-child\" data-id=\"edb1dcb\" data-element_type=\"container\" data-e-type=\"container\" data-settings=\"{&quot;jet_parallax_layout_list&quot;:[]}\">\n\t\t\t\t<div class=\"elementor-element elementor-element-285316b elementor-widget elementor-widget-text-editor\" data-id=\"285316b\" data-element_type=\"widget\" data-e-type=\"widget\" data-widget_type=\"text-editor.default\">\n\t\t\t\t<div class=\"elementor-widget-container\">\n\t\t\t\t\t\t\t\t\t<p>SANCTUM SPA sch\u00f6pft aus der reichen Geschichte und der religi\u00f6sen Vielfalt der Stadt, verspricht jedoch eine Erfahrung, die frei von \u00e4u\u00dferen theologischen Einfl\u00fcssen ist. Wir ermutigen unsere G\u00e4ste, Wellness auf die Art und Weise zu betreiben, die sie bevorzugen, und dabei Respekt f\u00fcr andere zu zeigen.<\/p>\t\t\t\t\t\t\t\t<\/div>\n\t\t\t\t<\/div>\n\t\t\t\t<div class=\"elementor-element elementor-element-16fcd0c elementor-align-left elementor-widget elementor-widget-button\" data-id=\"16fcd0c\" data-element_type=\"widget\" data-e-type=\"widget\" data-widget_type=\"button.default\">\n\t\t\t\t<div class=\"elementor-widget-container\">\n\t\t\t\t\t\t\t\t\t<div class=\"elementor-button-wrapper\">\n\t\t\t\t\t<a class=\"elementor-button elementor-button-link elementor-size-sm\" href=\"https:\/\/sanctumspa.nl\/\" target=\"_blank\" rel=\"noopener\">\n\t\t\t\t\t\t<span class=\"elementor-button-content-wrapper\">\n\t\t\t\t\t\t\t\t\t<span class=\"elementor-button-text\">BOOK SPA<\/span>\n\t\t\t\t\t<\/span>\n\t\t\t\t\t<\/a>\n\t\t\t\t<\/div>\n\t\t\t\t\t\t\t\t<\/div>\n\t\t\t\t<\/div>\n\t\t\t\t<\/div>\n\t\t\t\t<div class=\"elementor-element elementor-element-984e208 elementor-widget elementor-widget-043web-gallery-widget\" data-id=\"984e208\" data-element_type=\"widget\" data-e-type=\"widget\" data-widget_type=\"043web-gallery-widget.default\">\n\t\t\t\t<div class=\"elementor-widget-container\">\n\t\t\t\t\t<div class=\"custom-gallery-layout grid\"><div class=\"custom-gallery-item active\" data-order-index=\"0\" data-gallery-id=\"\"  style=\"--width: 1620; --height: 900;\"><a class=\"gallery-item\" href=\"https:\/\/haashustinx.nl\/wp-content\/uploads\/2026\/03\/056db243-4fe4-4aa9-9832-7a4d9c4aebb7.jpg\" data-elementor-open-lightbox=\"yes\" data-elementor-lightbox-slideshow=\"984e208\"><img decoding=\"async\" src=\"https:\/\/haashustinx.nl\/wp-content\/uploads\/2026\/03\/056db243-4fe4-4aa9-9832-7a4d9c4aebb7.jpg\" alt=\"\" title=\"\"><\/a><\/div><div class=\"custom-gallery-item active\" data-order-index=\"1\" data-gallery-id=\"\"  style=\"--width: 1500; --height: 1125;\"><a class=\"gallery-item\" href=\"https:\/\/haashustinx.nl\/wp-content\/uploads\/2026\/03\/LarsDuchateau-2.jpg\" data-elementor-open-lightbox=\"yes\" data-elementor-lightbox-slideshow=\"984e208\"><img decoding=\"async\" src=\"https:\/\/haashustinx.nl\/wp-content\/uploads\/2026\/03\/LarsDuchateau-2.jpg\" alt=\"\" title=\"\"><\/a><\/div><div class=\"custom-gallery-item active\" data-order-index=\"2\" data-gallery-id=\"\"  style=\"--width: 2560; --height: 1920;\"><a class=\"gallery-item\" href=\"https:\/\/haashustinx.nl\/wp-content\/uploads\/2026\/04\/LarsDuchateau_HH___68_van_77__kopie_copy.webp\" data-elementor-open-lightbox=\"yes\" data-elementor-lightbox-slideshow=\"984e208\"><img decoding=\"async\" src=\"https:\/\/haashustinx.nl\/wp-content\/uploads\/2026\/04\/LarsDuchateau_HH___68_van_77__kopie_copy.webp\" alt=\"\" title=\"\"><\/a><\/div><div class=\"custom-gallery-item active\" data-order-index=\"3\" data-gallery-id=\"\"  style=\"--width: 1500; --height: 1125;\"><a class=\"gallery-item\" href=\"https:\/\/haashustinx.nl\/wp-content\/uploads\/2026\/03\/LarsDuchateau-4.jpg\" data-elementor-open-lightbox=\"yes\" data-elementor-lightbox-slideshow=\"984e208\"><img decoding=\"async\" src=\"https:\/\/haashustinx.nl\/wp-content\/uploads\/2026\/03\/LarsDuchateau-4.jpg\" alt=\"\" title=\"\"><\/a><\/div><\/div>\t\t\t\t<\/div>\n\t\t\t\t<\/div>\n\t\t\t\t\t<\/div>\n\t\t\t\t<\/div>\n\t\t\t\t<\/div>","protected":false},"excerpt":{"rendered":"<p>SANCTUM SPA A tranquil chapel on the Vrijthof. Sanctum Spa features a swimming pool, sauna, hammam and a niche for meditation, confession or prayer. It is a place to embark on your own journey towards spiritual well-being. Enjoy a soothing experience in the treatment room with aromatherapy massages and skin-rejuvenating facials. To ensure a peaceful [&hellip;]<\/p>\n","protected":false},"author":1,"featured_media":0,"parent":0,"menu_order":0,"comment_status":"closed","ping_status":"closed","template":"","meta":{"footnotes":""},"class_list":["post-641","page","type-page","status-publish","hentry"],"_links":{"self":[{"href":"https:\/\/haashustinx.nl\/de\/wp-json\/wp\/v2\/pages\/641","targetHints":{"allow":["GET"]}}],"collection":[{"href":"https:\/\/haashustinx.nl\/de\/wp-json\/wp\/v2\/pages"}],"about":[{"href":"https:\/\/haashustinx.nl\/de\/wp-json\/wp\/v2\/types\/page"}],"author":[{"embeddable":true,"href":"https:\/\/haashustinx.nl\/de\/wp-json\/wp\/v2\/users\/1"}],"replies":[{"embeddable":true,"href":"https:\/\/haashustinx.nl\/de\/wp-json\/wp\/v2\/comments?post=641"}],"version-history":[{"count":64,"href":"https:\/\/haashustinx.nl\/de\/wp-json\/wp\/v2\/pages\/641\/revisions"}],"predecessor-version":[{"id":1072,"href":"https:\/\/haashustinx.nl\/de\/wp-json\/wp\/v2\/pages\/641\/revisions\/1072"}],"wp:attachment":[{"href":"https:\/\/haashustinx.nl\/de\/wp-json\/wp\/v2\/media?parent=641"}],"curies":[{"name":"wp","href":"https:\/\/api.w.org\/{rel}","templated":true}]}}