{"id":654,"date":"2026-03-19T15:47:09","date_gmt":"2026-03-19T14:47:09","guid":{"rendered":"https:\/\/hustinx.043test.nl\/?page_id=654"},"modified":"2026-04-09T18:00:02","modified_gmt":"2026-04-09T16:00:02","slug":"impression","status":"publish","type":"page","link":"https:\/\/haashustinx.nl\/fr\/impression\/","title":{"rendered":"Impression"},"content":{"rendered":"<div data-elementor-type=\"wp-page\" data-elementor-id=\"654\" class=\"elementor elementor-654\" data-elementor-post-type=\"page\">\n\t\t\t\t<div class=\"elementor-element elementor-element-4f4cbb2 e-grid e-con-boxed e-con e-parent\" data-id=\"4f4cbb2\" data-element_type=\"container\" data-e-type=\"container\" data-settings=\"{&quot;jet_parallax_layout_list&quot;:[]}\">\n\t\t\t\t\t<div class=\"e-con-inner\">\n\t\t<div class=\"elementor-element elementor-element-edb1dcb e-con-full e-flex e-con e-child\" data-id=\"edb1dcb\" data-element_type=\"container\" data-e-type=\"container\" data-settings=\"{&quot;jet_parallax_layout_list&quot;:[]}\">\n\t\t\t\t<div class=\"elementor-element elementor-element-285316b elementor-widget elementor-widget-text-editor\" data-id=\"285316b\" data-element_type=\"widget\" data-e-type=\"widget\" data-widget_type=\"text-editor.default\">\n\t\t\t\t<div class=\"elementor-widget-container\">\n\t\t\t\t\t\t\t\t\t<p>Nous pensons que l'art apporte une \u00e2me \u00e0 l'espace, qui \u00e0 son tour provoque la r\u00e9flexion et la conversation. La Maison Haas Hustinx est une \u0153uvre d'art totale qui combine les disciplines des beaux-arts, du design et de l'architecture d'int\u00e9rieur. Gr\u00e2ce \u00e0 notre engagement \u00e0 rajeunir le site historique et sa riche histoire, nous avons assist\u00e9 \u00e0 un vaste processus de r\u00e9novation au cours des derni\u00e8res ann\u00e9es.<\/p>\t\t\t\t\t\t\t\t<\/div>\n\t\t\t\t<\/div>\n\t\t\t\t<div class=\"elementor-element elementor-element-16fcd0c elementor-align-left elementor-widget elementor-widget-button\" data-id=\"16fcd0c\" data-element_type=\"widget\" data-e-type=\"widget\" data-widget_type=\"button.default\">\n\t\t\t\t<div class=\"elementor-widget-container\">\n\t\t\t\t\t\t\t\t\t<div class=\"elementor-button-wrapper\">\n\t\t\t\t\t<a class=\"elementor-button elementor-button-link elementor-size-sm\" href=\"https:\/\/haashustinx.nl\/fr\/hotel\/\">\n\t\t\t\t\t\t<span class=\"elementor-button-content-wrapper\">\n\t\t\t\t\t\t\t\t\t<span class=\"elementor-button-text\">Nos chambres<\/span>\n\t\t\t\t\t<\/span>\n\t\t\t\t\t<\/a>\n\t\t\t\t<\/div>\n\t\t\t\t\t\t\t\t<\/div>\n\t\t\t\t<\/div>\n\t\t\t\t<\/div>\n\t\t\t\t<div class=\"elementor-element elementor-element-984e208 elementor-widget elementor-widget-043web-gallery-widget\" data-id=\"984e208\" data-element_type=\"widget\" data-e-type=\"widget\" data-widget_type=\"043web-gallery-widget.default\">\n\t\t\t\t<div class=\"elementor-widget-container\">\n\t\t\t\t\t<div class=\"custom-gallery-layout grid\"><div class=\"custom-gallery-item active\" data-order-index=\"0\" data-gallery-id=\"\"  style=\"--width: 2048; --height: 1365;\"><a class=\"gallery-item\" href=\"https:\/\/haashustinx.nl\/wp-content\/uploads\/2026\/03\/Overview-side-1.webp\" data-elementor-open-lightbox=\"yes\" data-elementor-lightbox-slideshow=\"984e208\"><img decoding=\"async\" src=\"https:\/\/haashustinx.nl\/wp-content\/uploads\/2026\/03\/Overview-side-1.webp\" alt=\"\" title=\"\"><\/a><\/div><div class=\"custom-gallery-item active\" data-order-index=\"1\" data-gallery-id=\"\"  style=\"--width: 2000; --height: 1500;\"><a class=\"gallery-item\" href=\"https:\/\/haashustinx.nl\/wp-content\/uploads\/2026\/03\/LarsDuchateau-3__1_.webp\" data-elementor-open-lightbox=\"yes\" data-elementor-lightbox-slideshow=\"984e208\"><img decoding=\"async\" src=\"https:\/\/haashustinx.nl\/wp-content\/uploads\/2026\/03\/LarsDuchateau-3__1_.webp\" alt=\"\" title=\"\"><\/a><\/div><div class=\"custom-gallery-item active\" data-order-index=\"2\" data-gallery-id=\"\"  style=\"--width: 2000; --height: 1500;\"><a class=\"gallery-item\" href=\"https:\/\/haashustinx.nl\/wp-content\/uploads\/2026\/03\/LarsDuchateau-5.webp\" data-elementor-open-lightbox=\"yes\" data-elementor-lightbox-slideshow=\"984e208\"><img decoding=\"async\" src=\"https:\/\/haashustinx.nl\/wp-content\/uploads\/2026\/03\/LarsDuchateau-5.webp\" alt=\"\" title=\"\"><\/a><\/div><div class=\"custom-gallery-item active\" data-order-index=\"3\" data-gallery-id=\"\"  style=\"--width: 1365; --height: 2048;\"><a class=\"gallery-item\" href=\"https:\/\/haashustinx.nl\/wp-content\/uploads\/2026\/03\/06-eames-chair.jpg\" data-elementor-open-lightbox=\"yes\" data-elementor-lightbox-slideshow=\"984e208\"><img decoding=\"async\" src=\"https:\/\/haashustinx.nl\/wp-content\/uploads\/2026\/03\/06-eames-chair.jpg\" alt=\"\" title=\"\"><\/a><\/div><div class=\"custom-gallery-item active\" data-order-index=\"4\" data-gallery-id=\"\"  style=\"--width: 2000; --height: 1333;\"><a class=\"gallery-item\" href=\"https:\/\/haashustinx.nl\/wp-content\/uploads\/2026\/03\/Image_47_2.webp\" data-elementor-open-lightbox=\"yes\" data-elementor-lightbox-slideshow=\"984e208\"><img decoding=\"async\" src=\"https:\/\/haashustinx.nl\/wp-content\/uploads\/2026\/03\/Image_47_2.webp\" alt=\"\" title=\"\"><\/a><\/div><div class=\"custom-gallery-item active\" data-order-index=\"5\" data-gallery-id=\"\"  style=\"--width: 979; --height: 768;\"><a class=\"gallery-item\" href=\"https:\/\/haashustinx.nl\/wp-content\/uploads\/2026\/04\/251458917.webp\" data-elementor-open-lightbox=\"yes\" data-elementor-lightbox-slideshow=\"984e208\"><img decoding=\"async\" src=\"https:\/\/haashustinx.nl\/wp-content\/uploads\/2026\/04\/251458917.webp\" alt=\"\" title=\"\"><\/a><\/div><div class=\"custom-gallery-item active\" data-order-index=\"6\" data-gallery-id=\"\"  style=\"--width: 1707; --height: 2560;\"><a class=\"gallery-item\" href=\"https:\/\/haashustinx.nl\/wp-content\/uploads\/2026\/04\/HaasHustinx_-_Restaurant__nieuwe_selectie__-_fotografie_-_Copyright_STUDIOVOLT-7-1.webp\" data-elementor-open-lightbox=\"yes\" data-elementor-lightbox-slideshow=\"984e208\"><img decoding=\"async\" src=\"https:\/\/haashustinx.nl\/wp-content\/uploads\/2026\/04\/HaasHustinx_-_Restaurant__nieuwe_selectie__-_fotografie_-_Copyright_STUDIOVOLT-7-1.webp\" alt=\"\" title=\"\"><\/a><\/div><div class=\"custom-gallery-item active\" data-order-index=\"7\" data-gallery-id=\"\"  style=\"--width: 1024; --height: 1539;\"><a class=\"gallery-item\" href=\"https:\/\/haashustinx.nl\/wp-content\/uploads\/2026\/04\/breakfast_at_haas_hustinx.webp\" data-elementor-open-lightbox=\"yes\" data-elementor-lightbox-slideshow=\"984e208\"><img decoding=\"async\" src=\"https:\/\/haashustinx.nl\/wp-content\/uploads\/2026\/04\/breakfast_at_haas_hustinx.webp\" alt=\"\" title=\"\"><\/a><\/div><div class=\"custom-gallery-item active\" data-order-index=\"8\" data-gallery-id=\"\"  style=\"--width: 1707; --height: 2560;\"><a class=\"gallery-item\" href=\"https:\/\/haashustinx.nl\/wp-content\/uploads\/2026\/03\/20190305_14_MarkRichter_HaasOp-tVrijthof_LR_9763.webp\" data-elementor-open-lightbox=\"yes\" data-elementor-lightbox-slideshow=\"984e208\"><img decoding=\"async\" src=\"https:\/\/haashustinx.nl\/wp-content\/uploads\/2026\/03\/20190305_14_MarkRichter_HaasOp-tVrijthof_LR_9763.webp\" alt=\"\" title=\"\"><\/a><\/div><div class=\"custom-gallery-item active\" data-order-index=\"9\" data-gallery-id=\"\"  style=\"--width: 2000; --height: 1333;\"><a class=\"gallery-item\" href=\"https:\/\/haashustinx.nl\/wp-content\/uploads\/2026\/03\/Hustinx-phone.webp\" data-elementor-open-lightbox=\"yes\" data-elementor-lightbox-slideshow=\"984e208\"><img decoding=\"async\" src=\"https:\/\/haashustinx.nl\/wp-content\/uploads\/2026\/03\/Hustinx-phone.webp\" alt=\"\" title=\"\"><\/a><\/div><div class=\"custom-gallery-item active\" data-order-index=\"10\" data-gallery-id=\"\"  style=\"--width: 1365; --height: 2048;\"><a class=\"gallery-item\" href=\"https:\/\/haashustinx.nl\/wp-content\/uploads\/2026\/03\/Haas-lamp_noSmokeDetector.webp\" data-elementor-open-lightbox=\"yes\" data-elementor-lightbox-slideshow=\"984e208\"><img decoding=\"async\" src=\"https:\/\/haashustinx.nl\/wp-content\/uploads\/2026\/03\/Haas-lamp_noSmokeDetector.webp\" alt=\"\" title=\"\"><\/a><\/div><div class=\"custom-gallery-item active\" data-order-index=\"11\" data-gallery-id=\"\"  style=\"--width: 1280; --height: 853;\"><a class=\"gallery-item\" href=\"https:\/\/haashustinx.nl\/wp-content\/uploads\/2026\/03\/LR_Details-1.webp\" data-elementor-open-lightbox=\"yes\" data-elementor-lightbox-slideshow=\"984e208\"><img decoding=\"async\" src=\"https:\/\/haashustinx.nl\/wp-content\/uploads\/2026\/03\/LR_Details-1.webp\" alt=\"\" title=\"\"><\/a><\/div><div class=\"custom-gallery-item active\" data-order-index=\"12\" data-gallery-id=\"\"  style=\"--width: 2000; --height: 1333;\"><a class=\"gallery-item\" href=\"https:\/\/haashustinx.nl\/wp-content\/uploads\/2026\/03\/11-fireplace__1_.webp\" data-elementor-open-lightbox=\"yes\" data-elementor-lightbox-slideshow=\"984e208\"><img decoding=\"async\" src=\"https:\/\/haashustinx.nl\/wp-content\/uploads\/2026\/03\/11-fireplace__1_.webp\" alt=\"\" title=\"\"><\/a><\/div><div class=\"custom-gallery-item active\" data-order-index=\"13\" data-gallery-id=\"\"  style=\"--width: 2560; --height: 1704;\"><a class=\"gallery-item\" href=\"https:\/\/haashustinx.nl\/wp-content\/uploads\/2026\/04\/img511_kopie.webp\" data-elementor-open-lightbox=\"yes\" data-elementor-lightbox-slideshow=\"984e208\"><img decoding=\"async\" src=\"https:\/\/haashustinx.nl\/wp-content\/uploads\/2026\/04\/img511_kopie.webp\" alt=\"\" title=\"\"><\/a><\/div><div class=\"custom-gallery-item active\" data-order-index=\"14\" data-gallery-id=\"\"  style=\"--width: 1365; --height: 2048;\"><a class=\"gallery-item\" href=\"https:\/\/haashustinx.nl\/wp-content\/uploads\/2026\/03\/Image_46_2.webp\" data-elementor-open-lightbox=\"yes\" data-elementor-lightbox-slideshow=\"984e208\"><img decoding=\"async\" src=\"https:\/\/haashustinx.nl\/wp-content\/uploads\/2026\/03\/Image_46_2.webp\" alt=\"\" title=\"\"><\/a><\/div><\/div>\t\t\t\t<\/div>\n\t\t\t\t<\/div>\n\t\t\t\t\t<\/div>\n\t\t\t\t<\/div>\n\t\t\t\t<\/div>","protected":false},"excerpt":{"rendered":"<p>We believe art brings soul to space, which in turn provokes thought and conversation. Maison Haas Hustinx manifests a gesamtkunstwerk; combining the disciplines of fine arts, design and interior architecture. Through our commitment to rejuvenate the historical site and its colourful history, we have seen an extensive renovation process over the past few years Our [&hellip;]<\/p>\n","protected":false},"author":1,"featured_media":0,"parent":0,"menu_order":0,"comment_status":"closed","ping_status":"closed","template":"","meta":{"footnotes":""},"class_list":["post-654","page","type-page","status-publish","hentry"],"_links":{"self":[{"href":"https:\/\/haashustinx.nl\/fr\/wp-json\/wp\/v2\/pages\/654","targetHints":{"allow":["GET"]}}],"collection":[{"href":"https:\/\/haashustinx.nl\/fr\/wp-json\/wp\/v2\/pages"}],"about":[{"href":"https:\/\/haashustinx.nl\/fr\/wp-json\/wp\/v2\/types\/page"}],"author":[{"embeddable":true,"href":"https:\/\/haashustinx.nl\/fr\/wp-json\/wp\/v2\/users\/1"}],"replies":[{"embeddable":true,"href":"https:\/\/haashustinx.nl\/fr\/wp-json\/wp\/v2\/comments?post=654"}],"version-history":[{"count":28,"href":"https:\/\/haashustinx.nl\/fr\/wp-json\/wp\/v2\/pages\/654\/revisions"}],"predecessor-version":[{"id":1147,"href":"https:\/\/haashustinx.nl\/fr\/wp-json\/wp\/v2\/pages\/654\/revisions\/1147"}],"wp:attachment":[{"href":"https:\/\/haashustinx.nl\/fr\/wp-json\/wp\/v2\/media?parent=654"}],"curies":[{"name":"wp","href":"https:\/\/api.w.org\/{rel}","templated":true}]}}