{"id":726,"date":"2026-03-19T16:55:57","date_gmt":"2026-03-19T15:55:57","guid":{"rendered":"https:\/\/hustinx.043test.nl\/?page_id=726"},"modified":"2026-04-04T07:18:38","modified_gmt":"2026-04-04T05:18:38","slug":"contact","status":"publish","type":"page","link":"https:\/\/haashustinx.nl\/fr\/contact\/","title":{"rendered":"Contact"},"content":{"rendered":"<div data-elementor-type=\"wp-page\" data-elementor-id=\"726\" class=\"elementor elementor-726\" data-elementor-post-type=\"page\">\n\t\t\t\t<div class=\"elementor-element elementor-element-3364780 e-grid e-con-boxed e-con e-parent\" data-id=\"3364780\" data-element_type=\"container\" data-e-type=\"container\" data-settings=\"{&quot;jet_parallax_layout_list&quot;:[]}\">\n\t\t\t\t\t<div class=\"e-con-inner\">\n\t\t\t\t<div class=\"elementor-element elementor-element-fea6e42 elementor-widget elementor-widget-image\" data-id=\"fea6e42\" data-element_type=\"widget\" data-e-type=\"widget\" data-widget_type=\"image.default\">\n\t\t\t\t<div class=\"elementor-widget-container\">\n\t\t\t\t\t\t\t\t\t\t\t\t\t\t\t<img fetchpriority=\"high\" decoding=\"async\" width=\"2048\" height=\"1365\" src=\"https:\/\/haashustinx.nl\/wp-content\/uploads\/2026\/03\/Overview-side-1.webp\" class=\"attachment-full size-full wp-image-689\" alt=\"Maison Haas Hustinx, H\u00f4tel Vrijthof Maastricht\" srcset=\"https:\/\/haashustinx.nl\/wp-content\/uploads\/2026\/03\/Overview-side-1.webp 2048w, https:\/\/haashustinx.nl\/wp-content\/uploads\/2026\/03\/Overview-side-1-300x200.webp 300w, https:\/\/haashustinx.nl\/wp-content\/uploads\/2026\/03\/Overview-side-1-1024x683.webp 1024w, https:\/\/haashustinx.nl\/wp-content\/uploads\/2026\/03\/Overview-side-1-768x512.webp 768w, https:\/\/haashustinx.nl\/wp-content\/uploads\/2026\/03\/Overview-side-1-1536x1024.webp 1536w\" sizes=\"(max-width: 2048px) 100vw, 2048px\" title=\"\">\t\t\t\t\t\t\t\t\t\t\t\t\t\t\t<\/div>\n\t\t\t\t<\/div>\n\t\t<div class=\"elementor-element elementor-element-bd8c9ed e-con-full e-flex e-con e-child\" data-id=\"bd8c9ed\" data-element_type=\"container\" data-e-type=\"container\" data-settings=\"{&quot;jet_parallax_layout_list&quot;:[]}\">\n\t\t\t\t<div class=\"elementor-element elementor-element-6f56654 elementor-widget elementor-widget-text-editor\" data-id=\"6f56654\" data-element_type=\"widget\" data-e-type=\"widget\" data-widget_type=\"text-editor.default\">\n\t\t\t\t<div class=\"elementor-widget-container\">\n\t\t\t\t\t\t\t\t\t<p>Maison Haas Hustinx<\/p>\t\t\t\t\t\t\t\t<\/div>\n\t\t\t\t<\/div>\n\t\t\t\t<div class=\"elementor-element elementor-element-1728e42 elementor-widget elementor-widget-text-editor\" data-id=\"1728e42\" data-element_type=\"widget\" data-e-type=\"widget\" data-widget_type=\"text-editor.default\">\n\t\t\t\t<div class=\"elementor-widget-container\">\n\t\t\t\t\t\t\t\t\t<p>La Maison Haas Hustinx est install\u00e9e dans deux b\u00e2timents monumentaux construits en 1920 et donnant sur la place Vrijthof.\u00a0\u00a0<\/p>\t\t\t\t\t\t\t\t<\/div>\n\t\t\t\t<\/div>\n\t\t\t\t<div class=\"elementor-element elementor-element-adfe639 elementor-icon-list--layout-traditional elementor-list-item-link-full_width elementor-widget elementor-widget-icon-list\" data-id=\"adfe639\" data-element_type=\"widget\" data-e-type=\"widget\" data-widget_type=\"icon-list.default\">\n\t\t\t\t<div class=\"elementor-widget-container\">\n\t\t\t\t\t\t\t<ul class=\"elementor-icon-list-items\">\n\t\t\t\t\t\t\t<li class=\"elementor-icon-list-item\">\n\t\t\t\t\t\t\t\t\t\t\t<span class=\"elementor-icon-list-icon\">\n\t\t\t\t\t\t\t<i aria-hidden=\"true\" class=\"fa-thin fa-location-pin\"><\/i>\t\t\t\t\t\t<\/span>\n\t\t\t\t\t\t\t\t\t\t<span class=\"elementor-icon-list-text\">Vrijthof 20<\/span>\n\t\t\t\t\t\t\t\t\t<\/li>\n\t\t\t\t\t\t\t\t<li class=\"elementor-icon-list-item\">\n\t\t\t\t\t\t\t\t\t\t\t<span class=\"elementor-icon-list-icon\">\n\t\t\t\t\t\t\t<i aria-hidden=\"true\" class=\"fa-thin fa-city\"><\/i>\t\t\t\t\t\t<\/span>\n\t\t\t\t\t\t\t\t\t\t<span class=\"elementor-icon-list-text\">6211LD, Maastricht, NL<\/span>\n\t\t\t\t\t\t\t\t\t<\/li>\n\t\t\t\t\t\t\t\t<li class=\"elementor-icon-list-item\">\n\t\t\t\t\t\t\t\t\t\t\t<a href=\"mailto:reservations@haashustinx.nl\">\n\n\t\t\t\t\t\t\t\t\t\t\t\t<span class=\"elementor-icon-list-icon\">\n\t\t\t\t\t\t\t<i aria-hidden=\"true\" class=\"fa-thin fa-envelope\"><\/i>\t\t\t\t\t\t<\/span>\n\t\t\t\t\t\t\t\t\t\t<span class=\"elementor-icon-list-text\">reservations@haashustinx.nl<\/span>\n\t\t\t\t\t\t\t\t\t\t\t<\/a>\n\t\t\t\t\t\t\t\t\t<\/li>\n\t\t\t\t\t\t\t\t<li class=\"elementor-icon-list-item\">\n\t\t\t\t\t\t\t\t\t\t\t<a href=\"tel:+31438524353\">\n\n\t\t\t\t\t\t\t\t\t\t\t\t<span class=\"elementor-icon-list-icon\">\n\t\t\t\t\t\t\t<i aria-hidden=\"true\" class=\"fa-thin fa-phone\"><\/i>\t\t\t\t\t\t<\/span>\n\t\t\t\t\t\t\t\t\t\t<span class=\"elementor-icon-list-text\">+31 43 8524353<\/span>\n\t\t\t\t\t\t\t\t\t\t\t<\/a>\n\t\t\t\t\t\t\t\t\t<\/li>\n\t\t\t\t\t\t<\/ul>\n\t\t\t\t\t\t<\/div>\n\t\t\t\t<\/div>\n\t\t\t\t<div class=\"elementor-element elementor-element-778f3a3 elementor-icon-list--layout-traditional elementor-list-item-link-full_width elementor-widget elementor-widget-icon-list\" data-id=\"778f3a3\" data-element_type=\"widget\" data-e-type=\"widget\" data-widget_type=\"icon-list.default\">\n\t\t\t\t<div class=\"elementor-widget-container\">\n\t\t\t\t\t\t\t<ul class=\"elementor-icon-list-items\">\n\t\t\t\t\t\t\t<li class=\"elementor-icon-list-item\">\n\t\t\t\t\t\t\t\t\t\t\t<span class=\"elementor-icon-list-icon\">\n\t\t\t\t\t\t\t<i aria-hidden=\"true\" class=\"fa-thin fa-file-check\"><\/i>\t\t\t\t\t\t<\/span>\n\t\t\t\t\t\t\t\t\t\t<span class=\"elementor-icon-list-text\">TVA NL856944762B01<\/span>\n\t\t\t\t\t\t\t\t\t<\/li>\n\t\t\t\t\t\t\t\t<li class=\"elementor-icon-list-item\">\n\t\t\t\t\t\t\t\t\t\t\t<span class=\"elementor-icon-list-icon\">\n\t\t\t\t\t\t\t<i aria-hidden=\"true\" class=\"fa-thin fa-file-check\"><\/i>\t\t\t\t\t\t<\/span>\n\t\t\t\t\t\t\t\t\t\t<span class=\"elementor-icon-list-text\">IBAN NL10 INGB 0005676765<\/span>\n\t\t\t\t\t\t\t\t\t<\/li>\n\t\t\t\t\t\t\t\t<li class=\"elementor-icon-list-item\">\n\t\t\t\t\t\t\t\t\t\t\t<span class=\"elementor-icon-list-icon\">\n\t\t\t\t\t\t\t<i aria-hidden=\"true\" class=\"fa-thin fa-file-check\"><\/i>\t\t\t\t\t\t<\/span>\n\t\t\t\t\t\t\t\t\t\t<span class=\"elementor-icon-list-text\">BIC\/SWIFT INGBNL2A<\/span>\n\t\t\t\t\t\t\t\t\t<\/li>\n\t\t\t\t\t\t<\/ul>\n\t\t\t\t\t\t<\/div>\n\t\t\t\t<\/div>\n\t\t\t\t<\/div>\n\t\t\t\t\t<\/div>\n\t\t\t\t<\/div>\n\t\t<div class=\"elementor-element elementor-element-4f4cbb2 e-grid e-con-boxed e-con e-parent\" data-id=\"4f4cbb2\" data-element_type=\"container\" data-e-type=\"container\" data-settings=\"{&quot;jet_parallax_layout_list&quot;:[]}\">\n\t\t\t\t\t<div class=\"e-con-inner\">\n\t\t<div class=\"elementor-element elementor-element-edb1dcb e-con-full e-flex e-con e-child\" data-id=\"edb1dcb\" data-element_type=\"container\" data-e-type=\"container\" data-settings=\"{&quot;jet_parallax_layout_list&quot;:[]}\">\n\t\t\t\t<div class=\"elementor-element elementor-element-285316b elementor-widget elementor-widget-text-editor\" data-id=\"285316b\" data-element_type=\"widget\" data-e-type=\"widget\" data-widget_type=\"text-editor.default\">\n\t\t\t\t<div class=\"elementor-widget-container\">\n\t\t\t\t\t\t\t\t\t<p>Nous proposons des places de parking priv\u00e9es pour 25 \u20ac par nuit, \u00e0 5 minutes de marche de l'h\u00f4tel. Pour votre commodit\u00e9, avant de garer votre voiture, nous vous recommandons de prendre votre ticket de parking et de d\u00e9poser vos bagages \u00e0 l'h\u00f4tel. \u00c0 votre arriv\u00e9e, veuillez sonner \u00e0 la porte d'entr\u00e9e gauche de la Maison Hustinx (Vrijthof 20).<br \/><br \/>Le parking est \u00e0 votre disposition de 15h00 \u00e0 15h00. Si vous souhaitez vous garer la veille, la disponibilit\u00e9 d\u00e9pend de l'heure \u00e0 laquelle nos clients quittent le parking. Veuillez noter que le nombre de places de parking est limit\u00e9.<\/p>\t\t\t\t\t\t\t\t<\/div>\n\t\t\t\t<\/div>\n\t\t\t\t<div class=\"elementor-element elementor-element-16fcd0c elementor-align-left elementor-widget elementor-widget-button\" data-id=\"16fcd0c\" data-element_type=\"widget\" data-e-type=\"widget\" data-widget_type=\"button.default\">\n\t\t\t\t<div class=\"elementor-widget-container\">\n\t\t\t\t\t\t\t\t\t<div class=\"elementor-button-wrapper\">\n\t\t\t\t\t<a class=\"elementor-button elementor-button-link elementor-size-sm\" href=\"https:\/\/goo.gl\/maps\/zv7nhHq6vHsuoGr16\" target=\"_blank\" rel=\"noopener\">\n\t\t\t\t\t\t<span class=\"elementor-button-content-wrapper\">\n\t\t\t\t\t\t\t\t\t<span class=\"elementor-button-text\">Directions<\/span>\n\t\t\t\t\t<\/span>\n\t\t\t\t\t<\/a>\n\t\t\t\t<\/div>\n\t\t\t\t\t\t\t\t<\/div>\n\t\t\t\t<\/div>\n\t\t\t\t<\/div>\n\t\t\t\t<div class=\"elementor-element elementor-element-984e208 elementor-widget elementor-widget-043web-gallery-widget\" data-id=\"984e208\" data-element_type=\"widget\" data-e-type=\"widget\" data-widget_type=\"043web-gallery-widget.default\">\n\t\t\t\t<div class=\"elementor-widget-container\">\n\t\t\t\t\t<div class=\"custom-gallery-layout grid\"><div class=\"custom-gallery-item active\" data-order-index=\"0\" data-gallery-id=\"\"  style=\"--width: 1320; --height: 837;\"><a class=\"gallery-item\" href=\"https:\/\/haashustinx.nl\/wp-content\/uploads\/2026\/04\/Image_03-04-2026_at_14_56.webp\"><img decoding=\"async\" src=\"https:\/\/haashustinx.nl\/wp-content\/uploads\/2026\/04\/Image_03-04-2026_at_14_56.webp\" alt=\"\" title=\"\"><\/a><\/div><\/div>\t\t\t\t<\/div>\n\t\t\t\t<\/div>\n\t\t\t\t\t<\/div>\n\t\t\t\t<\/div>\n\t\t\t\t<\/div>","protected":false},"excerpt":{"rendered":"<p>Maison Haas Hustinx Maison Haas Hustinx is housed in two monumental buildings constructed in 1920 overlooking the Vrijthof square.\u00a0\u00a0 Vrijthof 20 6211LD, Maastricht, NL reservations@haashustinx.nl +31 43 8524353 VAT NL856944762B01 IBAN NL10 INGB 0005676765 BIC\/SWIFT INGBNL2A We offer private parking spaces for \u20ac25 per night, a 5-minute walk from the hotel. For your convenience, before [&hellip;]<\/p>\n","protected":false},"author":1,"featured_media":0,"parent":0,"menu_order":0,"comment_status":"closed","ping_status":"closed","template":"","meta":{"footnotes":""},"class_list":["post-726","page","type-page","status-publish","hentry"],"_links":{"self":[{"href":"https:\/\/haashustinx.nl\/fr\/wp-json\/wp\/v2\/pages\/726","targetHints":{"allow":["GET"]}}],"collection":[{"href":"https:\/\/haashustinx.nl\/fr\/wp-json\/wp\/v2\/pages"}],"about":[{"href":"https:\/\/haashustinx.nl\/fr\/wp-json\/wp\/v2\/types\/page"}],"author":[{"embeddable":true,"href":"https:\/\/haashustinx.nl\/fr\/wp-json\/wp\/v2\/users\/1"}],"replies":[{"embeddable":true,"href":"https:\/\/haashustinx.nl\/fr\/wp-json\/wp\/v2\/comments?post=726"}],"version-history":[{"count":28,"href":"https:\/\/haashustinx.nl\/fr\/wp-json\/wp\/v2\/pages\/726\/revisions"}],"predecessor-version":[{"id":1054,"href":"https:\/\/haashustinx.nl\/fr\/wp-json\/wp\/v2\/pages\/726\/revisions\/1054"}],"wp:attachment":[{"href":"https:\/\/haashustinx.nl\/fr\/wp-json\/wp\/v2\/media?parent=726"}],"curies":[{"name":"wp","href":"https:\/\/api.w.org\/{rel}","templated":true}]}}